{"id":4543,"date":"2018-07-31T19:15:15","date_gmt":"2018-07-31T19:15:15","guid":{"rendered":"https:\/\/saloanoticias.com\/v1\/?page_id=4543"},"modified":"2018-07-31T19:17:58","modified_gmt":"2018-07-31T19:17:58","slug":"historia","status":"publish","type":"page","link":"https:\/\/www.saloanoticias.com\/v1\/historia\/","title":{"rendered":"Hist\u00f3ria"},"content":{"rendered":"<p><img loading=\"lazy\" decoding=\"async\" width=\"338\" height=\"328\" class=\"size-full wp-image-4544 alignleft\" src=\"https:\/\/saloanoticias.com\/v1\/wp-content\/uploads\/2018\/07\/brasao.jpg\" alt=\"\" srcset=\"https:\/\/www.saloanoticias.com\/v1\/wp-content\/uploads\/2018\/07\/brasao.jpg 338w, https:\/\/www.saloanoticias.com\/v1\/wp-content\/uploads\/2018\/07\/brasao-300x291.jpg 300w\" sizes=\"auto, (max-width: 338px) 100vw, 338px\" \/>O top\u00f4nimo Salo\u00e1 tem origem na l\u00edngua do tronco macro-j\u00ea, dos povos fulni\u00f4s, habitantes da regi\u00e3o, e segundo o escritor, jornalista e historiador pernambucano, M\u00e1rio Melo, Significa: Areia, Barro.A Sesmaria que atualmente constituem as terras de Salo\u00e1 pertencia a Ger\u00f4nimo Burgos de Souza e E\u00e7a. Foram vendidas a Manuel da Cruz Vilela em 23 de julho de 1712.<\/p>\n<p>O distrito foi criado \u00e0 denomina\u00e7\u00e3o de S\u00e3o Serafim, pela lei Municipal n\u00b0 60, de 04\/03\/1921, no munic\u00edpio de Bom Conselho. Em 1939 teve seu nome alterado para barro, em 31\/12\/1943, atrav\u00e9s do decreto lei estadual n\u00b0 952 passa-se a chamar de Salo\u00e1. Foi elevada a categoria do Munic\u00edpio de Salo\u00e1, pela lei estadual n\u00b0 4946, de 20\/12\/1963.<\/p>\n<p>Em 1924 chegava aqui \u00e0 fam\u00edlia Xavier, vinda de Serrinha da Garanhuns, hoje Paranatama.<\/p>\n<p>\u00b7 A Primeira casa constru\u00edda no Munic\u00edpio foi pelo Sr. Manoel Pereira Machado<\/p>\n<p>\u00b7 A Primeira Missa foi celebrada no dia 30 de mar\u00e7o de 1934 pelo Padre Alfredo D\u00e2maso. P\u00e1roco de Bom Conselho.<\/p>\n<p>\u00b7 A Primeira feira foi em 09 de janeiro de 1939.Bela Vista e Rua Nova tamb\u00e9m foram nomes atribu\u00eddos a Salo\u00e1, o munic\u00edpio limita-se ao norte com Paranatama, ao sul com Bom Conselho e Terezinha, a lesta com Garanhuns e a oeste com Iati e Pedra.<\/p>\n<p>Salo\u00e1 est\u00e1 localizado na mesorregi\u00e3o do agreste Pernambucano, na microrregi\u00e3o de Garanhuns, inserida em sua maior parte no planalto da Borborema, com relevo suave e ondulado, uma por\u00e7\u00e3o de \u00e1rea leste localiza-se na unidade de maci\u00e7os e serras baixas e vegeta\u00e7\u00e3o predominante \u00e9 a floresta caducif\u00f3lia e subcaducif\u00f3lia.<\/p>\n<p>Geologicamente est\u00e1 localizado na prov\u00edncia Borborema, sendo Constru\u00eddo pelos das samplexos Cabrob\u00f3, sendo constru\u00eddo pelos litotipos das samplexos Cabrob\u00f3 e Bel\u00e9m do S\u00e3o Francisco.<\/p>\n<p>Distancia de Recife: 256 km<\/p>\n<p>\u00c1rea 252,08 Km\u00b2<\/p>\n<p>Popula\u00e7\u00e3o: 15.027 Habitantes.<\/p>\n<p>Densidade demogr\u00e1fica: 59,61 Hab\/Km\u00b2<\/p>\n<p>Altitude: 745 Metros.<\/p>\n<p>C\u00f3digo de Munic\u00edpio no IBGE. 2612307<\/p>\n<p>Clima tropical chuvoso, com ver\u00e3o seco<\/p>\n<p>Bacia Hidrogr\u00e1fica: Rio Ipanema, S\u00e3o Francisco e Para\u00edba do meio.<\/p>\n<p>Administrativamente, o munic\u00edpio e formado pelos distritos, sede e Iatec\u00e1 e pelos povoados de Gigantes, S\u00e3o Serafim e Serrinha da Prata.Sua Economia esta baseada em um pequeno com\u00e9rcio em expans\u00e3o, e uma agricultura com destaque para produ\u00e7\u00e3o de milho, feij\u00e3o, mandioca, caf\u00e9, fruticultura e culturas de verduras e hortali\u00e7a irrigadas.<\/p>\n<p>A produ\u00e7\u00e3o de Leite in natura do munic\u00edpio \u00e9 de aproximadamente 30.000 ( trinta mil litros) dia, fazendo da pecu\u00e1ria de leite a principal fonte de renda do produtor rural. A feira livre \u00e9 outro atrativo com centenas de barracas, onde se pode encontrar uma variedade de produtos produzido na pr\u00f3pria regi\u00e3o.<\/p>\n<p>As suas cachoeiras o clima e o relevo s\u00e3o alguns dos maiores diferencias de Salo\u00e1, o que pode propiciar a diversidade de cultivos e cria\u00e7\u00f5es, al\u00e9m de um potencial ainda n\u00e3o totalmente explorado das diversas op\u00e7\u00f5es de turismo que podem serem instaladas no munic\u00edpio.<\/p>\n","protected":false},"excerpt":{"rendered":"<p>O top\u00f4nimo Salo\u00e1 tem origem na l\u00edngua do tronco macro-j\u00ea, dos povos fulni\u00f4s, habitantes da regi\u00e3o, e segundo o escritor, jornalista e historiador pernambucano, M\u00e1rio Melo, Significa: Areia, Barro.A Sesmaria que atualmente constituem as terras de Salo\u00e1 pertencia a Ger\u00f4nimo Burgos de Souza e E\u00e7a. Foram vendidas a Manuel da Cruz Vilela em 23 de [&hellip;]<\/p>\n","protected":false},"author":1,"featured_media":0,"parent":0,"menu_order":0,"comment_status":"closed","ping_status":"closed","template":"","meta":{"footnotes":""},"class_list":["post-4543","page","type-page","status-publish","hentry"],"_links":{"self":[{"href":"https:\/\/www.saloanoticias.com\/v1\/wp-json\/wp\/v2\/pages\/4543","targetHints":{"allow":["GET"]}}],"collection":[{"href":"https:\/\/www.saloanoticias.com\/v1\/wp-json\/wp\/v2\/pages"}],"about":[{"href":"https:\/\/www.saloanoticias.com\/v1\/wp-json\/wp\/v2\/types\/page"}],"author":[{"embeddable":true,"href":"https:\/\/www.saloanoticias.com\/v1\/wp-json\/wp\/v2\/users\/1"}],"replies":[{"embeddable":true,"href":"https:\/\/www.saloanoticias.com\/v1\/wp-json\/wp\/v2\/comments?post=4543"}],"version-history":[{"count":3,"href":"https:\/\/www.saloanoticias.com\/v1\/wp-json\/wp\/v2\/pages\/4543\/revisions"}],"predecessor-version":[{"id":4547,"href":"https:\/\/www.saloanoticias.com\/v1\/wp-json\/wp\/v2\/pages\/4543\/revisions\/4547"}],"wp:attachment":[{"href":"https:\/\/www.saloanoticias.com\/v1\/wp-json\/wp\/v2\/media?parent=4543"}],"curies":[{"name":"wp","href":"https:\/\/api.w.org\/{rel}","templated":true}]}}